{"id":2286,"date":"2023-07-20T22:35:30","date_gmt":"2023-07-20T22:35:30","guid":{"rendered":"http:\/\/metasecsol.com\/politica-de-cookies\/"},"modified":"2024-08-26T07:22:39","modified_gmt":"2024-08-26T07:22:39","slug":"politica-de-cookies","status":"publish","type":"page","link":"https:\/\/metasecsol.com\/es\/politica-de-cookies\/","title":{"rendered":"Pol\u00edtica de cookies"},"content":{"rendered":"\t\t<div data-elementor-type=\"wp-page\" data-elementor-id=\"2286\" class=\"elementor elementor-2286 elementor-1887\" data-elementor-post-type=\"page\">\n\t\t\t\t\t\t<section class=\"elementor-section elementor-top-section elementor-element elementor-element-932d2e8 elementor-section-boxed elementor-section-height-default elementor-section-height-default\" data-id=\"932d2e8\" data-element_type=\"section\" data-settings=\"{&quot;background_background&quot;:&quot;classic&quot;}\">\n\t\t\t\t\t\t<div class=\"elementor-container elementor-column-gap-default\">\n\t\t\t\t\t<div class=\"elementor-column elementor-col-100 elementor-top-column elementor-element elementor-element-0023e9e\" data-id=\"0023e9e\" data-element_type=\"column\" data-settings=\"{&quot;background_background&quot;:&quot;gradient&quot;}\">\n\t\t\t<div class=\"elementor-widget-wrap elementor-element-populated\">\n\t\t\t\t\t\t<div class=\"elementor-element elementor-element-edd77af elementor-widget elementor-widget-heading\" data-id=\"edd77af\" data-element_type=\"widget\" data-widget_type=\"heading.default\">\n\t\t\t\t<div class=\"elementor-widget-container\">\n\t\t\t<h1 class=\"elementor-heading-title elementor-size-default\">Pol\u00edtica de cookies<\/h1>\t\t<\/div>\n\t\t\t\t<\/div>\n\t\t\t\t\t<\/div>\n\t\t<\/div>\n\t\t\t\t\t<\/div>\n\t\t<\/section>\n\t\t\t\t<section class=\"elementor-section elementor-top-section elementor-element elementor-element-55f3e059 elementor-section-boxed elementor-section-height-default elementor-section-height-default\" data-id=\"55f3e059\" data-element_type=\"section\" data-settings=\"{&quot;background_background&quot;:&quot;classic&quot;}\">\n\t\t\t\t\t\t<div class=\"elementor-container elementor-column-gap-default\">\n\t\t\t\t\t<div class=\"elementor-column elementor-col-100 elementor-top-column elementor-element elementor-element-23986e7b\" data-id=\"23986e7b\" data-element_type=\"column\">\n\t\t\t<div class=\"elementor-widget-wrap elementor-element-populated\">\n\t\t\t\t\t\t<div class=\"elementor-element elementor-element-578fa23e elementor-widget elementor-widget-text-editor\" data-id=\"578fa23e\" data-element_type=\"widget\" data-widget_type=\"text-editor.default\">\n\t\t\t\t<div class=\"elementor-widget-container\">\n\t\t\t\t\t\t\t<h2>Metasecurity Solutions\u00ae, LLC. Pol\u00edtica de cookies<\/h2>\n\n<h3>Actualizado el 14.06.23<\/h3>\n\n<p>Metasecurity Solutions LLC. utiliza cookies en este sitio. Si desea continuar y acceder a este sitio web, asumiremos su consentimiento para la colocaci\u00f3n de cookies en su dispositivo.<\/p>  Detallamos nuestro uso de cookies y c\u00f3mo puedes ajustar la configuraci\u00f3n de tu navegador para evitar las cookies en nuestra pol\u00edtica de cookies.  <h2>Uso de las cookies<\/h2>\n<hr>\n<h3>Cookies necesarias \/ esenciales<\/h3>\n<strong>Tipo<\/strong>: Cookies de sesi\u00f3n<br><strong>Administradas por<\/strong>: Nosotros<br><strong>Finalidad<\/strong>: Estas Cookies son esenciales para proporcionarte servicios disponibles a trav\u00e9s del sitio web y para permitirte utilizar algunas de sus funciones. Ayudan a autenticar a los usuarios e impiden el uso fraudulento de las cuentas de usuario. Sin estas Cookies, no se pueden prestar los servicios que usted ha solicitado, y s\u00f3lo utilizamos estas Cookies para prestarle dichos servicios.<br>\n<hr>\n<h3>Pol\u00edtica de Cookies \/ Aviso Aceptaci\u00f3n Cookies<\/h3>\n<strong>Tipo<\/strong>: Cookies Persistentes<br><strong>Administradas por<\/strong>: Nosotros<br><strong>Finalidad<\/strong>: Estas Cookies identifican si los usuarios han aceptado el uso de cookies en el Sitio Web.  <hr>\n<h3>Cookies de funcionalidad<\/h3>\n<strong>Tipo<\/strong>: Cookies persistentes<br><strong>Administradas por<\/strong>: Nosotros<br><strong>Finalidad<\/strong>: Estas Cookies nos permiten recordar las elecciones que haces cuando utilizas el sitio web, como recordar tus datos de acceso o tu preferencia de idioma. La finalidad de estas Cookies es proporcionarte una experiencia m\u00e1s personal y evitar que tengas que volver a introducir tus preferencias cada vez que utilices el sitio web.  <hr>\n<h3>Cookies de seguimiento y rendimiento<\/h3>\n<strong>Tipo<\/strong>: Cookies persistentes<br><strong>Administradas por<\/strong>: Terceros<br><strong>Finalidad<\/strong>: Estas Cookies se utilizan para rastrear informaci\u00f3n sobre el tr\u00e1fico al sitio web y c\u00f3mo lo utilizan los usuarios. La informaci\u00f3n recogida a trav\u00e9s de estas Cookies puede identificarle directa o indirectamente como visitante individual. Esto se debe a que la informaci\u00f3n recopilada suele estar vinculada a un identificador seud\u00f3nimo asociado al dispositivo que usted utiliza para acceder al sitio web. Tambi\u00e9n podemos utilizar estas Cookies para probar nuevos anuncios, p\u00e1ginas, caracter\u00edsticas o nuevas funcionalidades del Sitio Web para ver c\u00f3mo reaccionan nuestros usuarios a ellos.  <hr>\n\n<h3>Cookies de segmentaci\u00f3n y publicidad<\/h3>\n<strong>Tipo<\/strong>: Cookies persistentes<br><strong>Administradas por<\/strong>: Terceros<br><strong>Finalidad<\/strong>: Estas Cookies rastrean tus h\u00e1bitos de navegaci\u00f3n para permitirnos mostrarte publicidad que pueda ser de tu inter\u00e9s. Estas Cookies utilizan informaci\u00f3n sobre su historial de navegaci\u00f3n para agruparle con otros usuarios que tienen intereses similares. Bas\u00e1ndose en esa informaci\u00f3n, y con nuestro permiso, los anunciantes de terceros pueden colocar Cookies para permitirles mostrar anuncios que Nosotros pensamos que ser\u00e1n relevantes para tus intereses mientras est\u00e1s en sitios web de terceros.  <hr>\n<h3>Cookies de redes sociales<\/h3>\n\n<strong>Tipo<\/strong>: Cookies persistentes<br><strong>Administradas por<\/strong>: Terceros<br><strong>Finalidad<\/strong>: Adem\u00e1s de nuestras propias Cookies, tambi\u00e9n podemos utilizar varias Cookies de terceros para informar sobre estad\u00edsticas de uso del sitio web, ofrecer anuncios en y a trav\u00e9s del sitio web, etc. Estas Cookies pueden utilizarse cuando compartes informaci\u00f3n utilizando un sitio web de redes sociales como Facebook, Instagram, Twitter, Linkedin o TikTok.  <hr>\n<h2>Sus opciones con respecto a las cookies<\/h2>\n\n<p>Si prefiere evitar el uso de Cookies en el sitio web, primero debe desactivar el uso de Cookies en su navegador y luego eliminar las Cookies guardadas en su navegador asociadas a este sitio web. Puede utilizar esta opci\u00f3n para impedir el uso de Cookies en cualquier momento.<\/p>  Si no aceptas nuestras Cookies, es posible que experimentes algunos inconvenientes en el uso del Sitio Web y que algunas funciones no funcionen correctamente. Si deseas eliminar Cookies o dar instrucciones a tu navegador web para que elimine o rechace Cookies, visita las p\u00e1ginas de ayuda de tu navegador web.  <ul>\n<li>Para el navegador Chrome, visite <a href=\"https:\/\/support.google.com\/accounts\/answer\/61416?hl=en\" rel=\"noopener\" target=\"_blank\">esta p\u00e1gina<\/a>.  <li>Para el navegador Internet Explorer, visite <a href=\"https:\/\/support.microsoft.com\/en-us\/windows\/delete-and-manage-cookies-168dab11-0753-043d-7c16-ede5947fc64d\" rel=\"noopener\" target=\"_blank\">esta p\u00e1gina<\/a>.<\/li>\n<li>Para el navegador Firefox, visite <a href=\"https:\/\/support.mozilla.org\/it\/kb\/Gestione%20dei%20cookie\" rel=\"noopener\" target=\"_blank\">esta p\u00e1gina<\/a>.<\/li>\n<li>Para el navegador Safari, visite <a href=\"https:\/\/support.apple.com\/guide\/safari\/manage-cookies-sfri11471\/mac\" rel=\"noopener\" target=\"_blank\">esta p\u00e1gina<\/a>.<\/li>\n<li>Para cualquier otro navegador, visite las p\u00e1ginas oficiales de su navegador.<\/li>\n<\/ul>\n\n<h2>M\u00e1s informaci\u00f3n sobre las cookies<\/h2>\n\n<p>Para m\u00e1s informaci\u00f3n, visite www.allaboutcookies.org<\/p>\n\n\n<p>Si tiene dudas sobre esta Pol\u00edtica de Cookies, puede contactar con nosotros a trav\u00e9s del correo electr\u00f3nico: privacy@metasecsol.com<\/p>\t\t\t\t\t\t<\/div>\n\t\t\t\t<\/div>\n\t\t\t\t\t<\/div>\n\t\t<\/div>\n\t\t\t\t\t<\/div>\n\t\t<\/section>\n\t\t\t\t<\/div>\n\t\t","protected":false},"excerpt":{"rendered":"<p>Pol\u00edtica de cookies Metasecurity Solutions\u00ae, LLC. Pol\u00edtica de cookies Actualizado el 14.06.23 Metasecurity Solutions LLC. utiliza cookies en este sitio. Si desea continuar y acceder a este sitio web, asumiremos su consentimiento para la colocaci\u00f3n de cookies en su dispositivo. Detallamos nuestro uso de cookies y c\u00f3mo puedes ajustar la configuraci\u00f3n de tu navegador para [&hellip;]<\/p>\n","protected":false},"author":5,"featured_media":9320,"parent":0,"menu_order":0,"comment_status":"closed","ping_status":"closed","template":"","meta":{"content-type":"","_monsterinsights_skip_tracking":false,"_monsterinsights_sitenote_active":false,"_monsterinsights_sitenote_note":"","_monsterinsights_sitenote_category":0,"ocean_post_layout":"full-screen","ocean_both_sidebars_style":"","ocean_both_sidebars_content_width":0,"ocean_both_sidebars_sidebars_width":0,"ocean_sidebar":"0","ocean_second_sidebar":"0","ocean_disable_margins":"on","ocean_add_body_class":"","ocean_shortcode_before_top_bar":"","ocean_shortcode_after_top_bar":"","ocean_shortcode_before_header":"","ocean_shortcode_after_header":"","ocean_has_shortcode":"","ocean_shortcode_after_title":"","ocean_shortcode_before_footer_widgets":"","ocean_shortcode_after_footer_widgets":"","ocean_shortcode_before_footer_bottom":"","ocean_shortcode_after_footer_bottom":"","ocean_display_top_bar":"default","ocean_display_header":"default","ocean_header_style":"","ocean_center_header_left_menu":"0","ocean_custom_header_template":"0","ocean_custom_logo":0,"ocean_custom_retina_logo":0,"ocean_custom_logo_max_width":0,"ocean_custom_logo_tablet_max_width":0,"ocean_custom_logo_mobile_max_width":0,"ocean_custom_logo_max_height":0,"ocean_custom_logo_tablet_max_height":0,"ocean_custom_logo_mobile_max_height":0,"ocean_header_custom_menu":"0","ocean_menu_typo_font_family":"0","ocean_menu_typo_font_subset":"","ocean_menu_typo_font_size":0,"ocean_menu_typo_font_size_tablet":0,"ocean_menu_typo_font_size_mobile":0,"ocean_menu_typo_font_size_unit":"px","ocean_menu_typo_font_weight":"","ocean_menu_typo_font_weight_tablet":"","ocean_menu_typo_font_weight_mobile":"","ocean_menu_typo_transform":"","ocean_menu_typo_transform_tablet":"","ocean_menu_typo_transform_mobile":"","ocean_menu_typo_line_height":0,"ocean_menu_typo_line_height_tablet":0,"ocean_menu_typo_line_height_mobile":0,"ocean_menu_typo_line_height_unit":"","ocean_menu_typo_spacing":0,"ocean_menu_typo_spacing_tablet":0,"ocean_menu_typo_spacing_mobile":0,"ocean_menu_typo_spacing_unit":"","ocean_menu_link_color":"","ocean_menu_link_color_hover":"","ocean_menu_link_color_active":"","ocean_menu_link_background":"","ocean_menu_link_hover_background":"","ocean_menu_link_active_background":"","ocean_menu_social_links_bg":"","ocean_menu_social_hover_links_bg":"","ocean_menu_social_links_color":"","ocean_menu_social_hover_links_color":"","ocean_disable_title":"on","ocean_disable_heading":"default","ocean_post_title":"","ocean_post_subheading":"","ocean_post_title_style":"","ocean_post_title_background_color":"","ocean_post_title_background":0,"ocean_post_title_bg_image_position":"","ocean_post_title_bg_image_attachment":"","ocean_post_title_bg_image_repeat":"","ocean_post_title_bg_image_size":"","ocean_post_title_height":0,"ocean_post_title_bg_overlay":0.5,"ocean_post_title_bg_overlay_color":"","ocean_disable_breadcrumbs":"default","ocean_breadcrumbs_color":"","ocean_breadcrumbs_separator_color":"","ocean_breadcrumbs_links_color":"","ocean_breadcrumbs_links_hover_color":"","ocean_display_footer_widgets":"default","ocean_display_footer_bottom":"default","ocean_custom_footer_template":"0","footnotes":""},"class_list":["post-2286","page","type-page","status-publish","has-post-thumbnail","hentry","entry","has-media"],"aioseo_notices":[],"_links":{"self":[{"href":"https:\/\/metasecsol.com\/es\/wp-json\/wp\/v2\/pages\/2286"}],"collection":[{"href":"https:\/\/metasecsol.com\/es\/wp-json\/wp\/v2\/pages"}],"about":[{"href":"https:\/\/metasecsol.com\/es\/wp-json\/wp\/v2\/types\/page"}],"author":[{"embeddable":true,"href":"https:\/\/metasecsol.com\/es\/wp-json\/wp\/v2\/users\/5"}],"replies":[{"embeddable":true,"href":"https:\/\/metasecsol.com\/es\/wp-json\/wp\/v2\/comments?post=2286"}],"version-history":[{"count":3,"href":"https:\/\/metasecsol.com\/es\/wp-json\/wp\/v2\/pages\/2286\/revisions"}],"predecessor-version":[{"id":11273,"href":"https:\/\/metasecsol.com\/es\/wp-json\/wp\/v2\/pages\/2286\/revisions\/11273"}],"wp:featuredmedia":[{"embeddable":true,"href":"https:\/\/metasecsol.com\/es\/wp-json\/wp\/v2\/media\/9320"}],"wp:attachment":[{"href":"https:\/\/metasecsol.com\/es\/wp-json\/wp\/v2\/media?parent=2286"}],"curies":[{"name":"wp","href":"https:\/\/api.w.org\/{rel}","templated":true}]}}