{"id":7990,"date":"2024-03-14T17:33:20","date_gmt":"2024-03-14T17:33:20","guid":{"rendered":"https:\/\/metasecsol.com\/politica-de-privacidad-2\/"},"modified":"2024-08-22T10:24:34","modified_gmt":"2024-08-22T10:24:34","slug":"politica-de-privacidad-2","status":"publish","type":"page","link":"https:\/\/metasecsol.com\/es\/politica-de-privacidad-2\/","title":{"rendered":"Politica de Privacidad"},"content":{"rendered":"\t\t<div data-elementor-type=\"wp-page\" data-elementor-id=\"7990\" class=\"elementor elementor-7990 elementor-7986\" data-elementor-post-type=\"page\">\n\t\t\t\t\t\t<section class=\"elementor-section elementor-top-section elementor-element elementor-element-7f3e0ec elementor-section-boxed elementor-section-height-default elementor-section-height-default\" data-id=\"7f3e0ec\" data-element_type=\"section\" data-settings=\"{&quot;background_background&quot;:&quot;classic&quot;}\">\n\t\t\t\t\t\t<div class=\"elementor-container elementor-column-gap-default\">\n\t\t\t\t\t<div class=\"elementor-column elementor-col-100 elementor-top-column elementor-element elementor-element-606fa43\" data-id=\"606fa43\" data-element_type=\"column\" data-settings=\"{&quot;background_background&quot;:&quot;slideshow&quot;,&quot;background_slideshow_gallery&quot;:[],&quot;background_slideshow_loop&quot;:&quot;yes&quot;,&quot;background_slideshow_slide_duration&quot;:5000,&quot;background_slideshow_slide_transition&quot;:&quot;fade&quot;,&quot;background_slideshow_transition_duration&quot;:500}\">\n\t\t\t<div class=\"elementor-widget-wrap elementor-element-populated\">\n\t\t\t\t\t\t<div class=\"elementor-element elementor-element-916b938 elementor-widget elementor-widget-heading\" data-id=\"916b938\" data-element_type=\"widget\" data-widget_type=\"heading.default\">\n\t\t\t\t<div class=\"elementor-widget-container\">\n\t\t\t<h1 class=\"elementor-heading-title elementor-size-default\">Acuerdo de procesamiento de datos<\/h1>\t\t<\/div>\n\t\t\t\t<\/div>\n\t\t\t\t\t<\/div>\n\t\t<\/div>\n\t\t\t\t\t<\/div>\n\t\t<\/section>\n\t\t\t\t<section class=\"elementor-section elementor-top-section elementor-element elementor-element-72f9bb9a elementor-section-boxed elementor-section-height-default elementor-section-height-default\" data-id=\"72f9bb9a\" data-element_type=\"section\" data-settings=\"{&quot;background_background&quot;:&quot;classic&quot;}\">\n\t\t\t\t\t\t<div class=\"elementor-container elementor-column-gap-default\">\n\t\t\t\t\t<div class=\"elementor-column elementor-col-100 elementor-top-column elementor-element elementor-element-607bf43e\" data-id=\"607bf43e\" data-element_type=\"column\">\n\t\t\t<div class=\"elementor-widget-wrap elementor-element-populated\">\n\t\t\t\t\t\t<div class=\"elementor-element elementor-element-48bc0b75 elementor-widget-tablet_extra__width-initial elementor-widget elementor-widget-text-editor\" data-id=\"48bc0b75\" data-element_type=\"widget\" data-widget_type=\"text-editor.default\">\n\t\t\t\t<div class=\"elementor-widget-container\">\n\t\t\t\t\t\t\t<h2>Metasecurity Solutions\u00ae, INC. Acuerdo de procesamiento de datos<\/h2><p><span style=\"font-weight: 400;\">El presente Acuerdo de Tratamiento de Datos (&#8220;Acuerdo&#8221;) se celebra entre usted (&#8220;Responsable del Tratamiento&#8221;), y Metasecurity Solutions Inc., con domicilio social en el estado de Delaware (&#8220;Encargado del Tratamiento&#8221;).<\/span><\/p><p><span style=\"font-weight: 400;\">CONSIDERANDO que el Procesador de Datos acepta procesar Datos Personales en nombre del Controlador de Datos en relaci\u00f3n con los Servicios Gestionados de Ciberseguridad y Consultor\u00eda;<\/span><span style=\"font-weight: 400;\"><br \/><\/span><span style=\"font-weight: 400;\">Y CONSIDERANDO QUE<\/span><span style=\"font-weight: 400;\"> Las partes pretenden aplicar un acuerdo de tratamiento de datos que cumpla con los requisitos del marco jur\u00eddico vigente en relaci\u00f3n con el tratamiento de datos y con el Reglamento (UE) 2016\/679 del Parlamento Europeo y del Consejo, de 27 de abril de 2016, relativo a la protecci\u00f3n de las personas f\u00edsicas en lo que respecta al tratamiento de datos personales y a la libre circulaci\u00f3n de estos datos y por el que se deroga la Directiva 95\/46\/CE (Reglamento general de protecci\u00f3n de datos).<\/span><span style=\"font-weight: 400;\">;<\/span><span style=\"font-weight: 400;\"><br \/><\/span><span style=\"font-weight: 400;\">SE ACUERDA lo siguiente:<\/span><\/p><h4><span style=\"font-weight: 400;\">1. Definiciones<\/span><\/h4><p><span style=\"font-weight: 400;\">1.1.1 &#8220;Contrato&#8221; significa este Contrato de Procesamiento de Datos y todos los Anexos;<\/span><\/p><p><span style=\"font-weight: 400;\">1.1.2 &#8220;Datos Personales&#8221; significa cualquier Dato Personal Procesado por un Procesador de Datos en nombre del Controlador de conformidad con o en conexi\u00f3n con el Acuerdo Principal;<\/span><\/p><p><span style=\"font-weight: 400;\">1.1.3 Por &#8220;Encargado del Tratamiento&#8221; se entender\u00e1 Metasecurity Solutions, en la medida en que trate Datos Personales por cuenta del Responsable del Tratamiento.;<\/span><\/p><p><span style=\"font-weight: 400;\">1.1.4 <\/span><span style=\"font-weight: 400;\">&#8220;Tratamiento&#8221; incluye cualquier operaci\u00f3n realizada sobre los Datos Personales, como la recogida, el almacenamiento, el uso y la transmisi\u00f3n.<\/span><\/p><p><span style=\"font-weight: 400;\">1.1.5 Por &#8220;leyes de protecci\u00f3n de datos&#8221; se entender\u00e1n las leyes de protecci\u00f3n de datos de la UE y, en la medida en que sean aplicables, las leyes de protecci\u00f3n de datos o privacidad de cualquier otro pa\u00eds;<\/span><\/p><p><span style=\"font-weight: 400;\">1.1.6 &#8220;EEE&#8221; significa el Espacio Econ\u00f3mico Europeo;<\/span><\/p><p><span style=\"font-weight: 400;\">1.1.7 &#8220;Leyes de protecci\u00f3n de datos de la UE&#8221; significa la Directiva 95\/46\/CE de la UE, tal como se transpuso a la legislaci\u00f3n nacional de cada Estado miembro y tal como se modific\u00f3, sustituy\u00f3 o reemplaz\u00f3 de vez en cuando, incluido por el\u00a0<\/span><span style=\"font-family: Inter, sans-serif; font-size: 16px; font-style: normal; font-variant-ligatures: normal; font-variant-caps: normal; font-weight: 400;\">RGPD<\/span><span style=\"font-weight: 400;\">\u00a0y las leyes que implementan o complementan el RGPD;<\/span><\/p><p><span style=\"font-weight: 400;\">1.1.8 &#8220;RGPD<\/span><span style=\"font-size: 16px; font-weight: 400; background-color: var( --e-global-color-primary ); color: var( --e-global-color-text ); text-transform: var( --e-global-typography-primary-text-transform );\">&#8221; significa Reglamento General de Protecci\u00f3n de Datos de la UE 2016\/679;<\/span><\/p><p><span style=\"font-weight: 400;\">1.1.9 &#8220;Transferencia de datos&#8221; significa:<\/span><\/p><p><span style=\"font-weight: 400;\">1.1.9.1 una transferencia de Datos Personales del Responsable del Tratamiento al Encargado del Tratamiento; o<\/span><\/p><p><span style=\"font-weight: 400;\">1.1.9.2 una transferencia ulterior de Datos Personales del Encargado del Tratamiento a un Encargado del Tratamiento subcontratado, o entre dos establecimientos del Encargado del Tratamiento, en cada caso, cuando dicha transferencia estuviera prohibida por las Leyes de Protecci\u00f3n de Datos (o por los t\u00e9rminos de los acuerdos de transferencia de datos establecidos para abordar las restricciones de transferencia de datos de las Leyes de Protecci\u00f3n de Datos);<\/span><\/p><p><span style=\"font-weight: 400;\">1.1.10 &#8220;Servicios&#8221; se refiere a los servicios de consultor\u00eda y gesti\u00f3n de ciberseguridad que presta el Procesador.<\/span><\/p><p><span style=\"font-weight: 400;\">1.1.11 Por &#8220;Subencargado del tratamiento&#8221; se entender\u00e1 toda persona designada por el Encargado del tratamiento o en su nombre para tratar Datos Personales en nombre del Responsable del tratamiento en relaci\u00f3n con el Contrato.<\/span><\/p><h4><span style=\"font-weight: 400;\">2. \u00c1mbito de aplicaci\u00f3n y finalidad<\/span><\/h4><ul><li aria-level=\"1\"><span style=\"font-weight: 400;\">El Encargado del Tratamiento tratar\u00e1 los Datos Personales con el \u00fanico fin de prestar servicios de ciberseguridad, incluidos, entre otros, la formaci\u00f3n en materia de concienciaci\u00f3n sobre ciberseguridad, los informes de evaluaci\u00f3n de la madurez de la ciberseguridad, la detecci\u00f3n y respuesta de puntos finales, la supervisi\u00f3n de sistemas tecnol\u00f3gicos y la prestaci\u00f3n de asistencia.<\/span><\/li><\/ul><h4><span style=\"font-weight: 400;\">3. Obligaciones del procesador<\/span><\/h4><ul><li aria-level=\"1\"><span style=\"font-weight: 400;\">El Encargado del Tratamiento se compromete a:<\/span><\/li><\/ul><ul><li aria-level=\"2\"><span style=\"font-weight: 400;\">Tratar los Datos Personales de conformidad con las instrucciones documentadas del Responsable del Tratamiento.<\/span><\/li><\/ul><ul><li aria-level=\"2\"><span style=\"font-weight: 400;\">Garantizar que las personas autorizadas a tratar los Datos Personales se han comprometido a mantener la confidencialidad.<\/span><\/li><\/ul><ul><li aria-level=\"2\"><span style=\"font-weight: 400;\">Aplicar las medidas t\u00e9cnicas y organizativas apropiadas para garantizar un nivel de seguridad adecuado al riesgo.<\/span><\/li><\/ul><ul><li aria-level=\"2\"><span style=\"font-weight: 400;\">Ayudar al Controlador de Datos a garantizar el cumplimiento de sus obligaciones en virtud del RGPD.<\/span><\/li><\/ul><ul><li aria-level=\"2\"><span style=\"font-weight: 400;\">Suprimir o devolver todos los Datos Personales al Responsable del Tratamiento una vez finalizada la prestaci\u00f3n de servicios, a menos que la ley obligue a conservar los Datos Personales.<\/span><\/li><\/ul><p><span style=\"font-weight: 400;\">3.1 Seguridad Teniendo en cuenta el estado de la t\u00e9cnica, los costes de implementaci\u00f3n y la naturaleza, el alcance, el contexto y los fines del Procesamiento, as\u00ed como el riesgo de probabilidad y gravedad variables para los derechos y libertades de las personas f\u00edsicas, el Procesador implementar\u00e1, en relaci\u00f3n con los Datos Personales de la Compa\u00f1\u00eda, medidas t\u00e9cnicas y organizativas apropiadas para garantizar un nivel de seguridad adecuado a ese riesgo, incluidas, seg\u00fan corresponda, las medidas mencionadas en el art\u00edculo 32, apartado 1, del\u00a0<\/span><span style=\"font-family: Inter, sans-serif; font-size: 16px; font-style: normal; font-variant-ligatures: normal; font-variant-caps: normal; font-weight: 400;\">RGPD<\/span><span style=\"font-weight: 400;\">.<\/span><\/p><p><span style=\"font-weight: 400;\">3.1.1 A la hora de evaluar el nivel de seguridad adecuado, el encargado del tratamiento tendr\u00e1 en cuenta, en particular, los riesgos que presenta el tratamiento, especialmente los derivados de una violaci\u00f3n de los datos personales.<\/span><\/p><p><span style=\"font-weight: 400;\">3.2 <\/span><b>Personal del procesador.<\/b><span style=\"font-weight: 400;\"> El Procesador tomar\u00e1 las medidas razonables para garantizar la fiabilidad de cualquier empleado, agente o contratista de cualquier Procesador Contratado que pueda tener acceso a los Datos Personales, asegurando en cada caso que el acceso est\u00e9 estrictamente limitado a aquellas personas que necesiten conocer \/ acceder a los Datos Personales pertinentes, seg\u00fan sea estrictamente necesario para los fines del Acuerdo Principal, y para cumplir con la Legislaci\u00f3n Aplicable en el contexto de las obligaciones de dicha persona con el Procesador Contratado, garantizando que todas estas personas est\u00e9n sujetas a compromisos de confidencialidad u obligaciones profesionales o estatutarias de confidencialidad.<\/span><\/p><p><span style=\"font-weight: 400;\">3.3 El procesador deber\u00e1:<\/span><\/p><p><span style=\"font-weight: 400;\">3.3.1 notificar inmediatamente a la Empresa si recibe una solicitud de un Sujeto de Datos en virtud de cualquier Ley de Protecci\u00f3n de Datos con respecto a los Datos Personales de la Empresa; y<\/span><\/p><p><span style=\"font-weight: 400;\">3.3.2 se asegurar\u00e1 de no responder a dicha solicitud salvo siguiendo las instrucciones documentadas de la Empresa o seg\u00fan lo exijan las Leyes Aplicables a las que est\u00e9 sujeto el Procesador, en cuyo caso el Procesador deber\u00e1, en la medida en que lo permitan las Leyes Aplicables, informar a la Empresa de dicho requisito legal antes de que el Procesador Contratado responda a la solicitud.<\/span><span style=\"font-weight: 400;\">. <\/span><\/p><h4><span style=\"font-weight: 400;\">4. Obligaciones del responsable del tratamiento<\/span><\/h4><ul><li aria-level=\"1\"><span style=\"font-weight: 400;\">El Responsable del Tratamiento se compromete a:<\/span><\/li><\/ul><ul><li aria-level=\"2\"><span style=\"font-weight: 400;\">Garantizar que el Tratamiento de Datos Personales en virtud del presente Acuerdo sea l\u00edcito.<\/span><\/li><\/ul><ul><li aria-level=\"2\"><span style=\"font-weight: 400;\">Proporcionar al Encargado del Tratamiento instrucciones claras y documentadas sobre el Tratamiento de Datos Personales.<\/span><\/li><\/ul><ul><li aria-level=\"2\"><span style=\"font-weight: 400;\">Informar sin demora indebida al Responsable del Tratamiento de cualquier inexactitud en los Datos Personales.<\/span><\/li><\/ul><h2>\u00a0<\/h2><h4><span style=\"font-weight: 400;\">5. Subprocesadores<\/span><\/h4><ul><li aria-level=\"1\"><span style=\"font-weight: 400;\">El Encargado del Tratamiento no contratar\u00e1 a otro Encargado del Tratamiento (Subencargado del Tratamiento) sin la previa autorizaci\u00f3n espec\u00edfica o general por escrito del Responsable del Tratamiento.<\/span><\/li><\/ul><h4><span style=\"font-weight: 400;\">6.<\/span><span style=\"font-weight: 400;\"> Transferencia de datos<\/span><\/h4><p><span style=\"font-weight: 400;\">6.1 El Procesador no transferir\u00e1 Datos Europeos a ning\u00fan pa\u00eds o destinatario que no est\u00e9 reconocido como proveedor de un nivel adecuado de protecci\u00f3n de Datos Personales (en el sentido de las Leyes Europeas de Protecci\u00f3n de Datos aplicables), a menos que primero tome todas las medidas necesarias para garantizar que la transferencia cumple con las Leyes Europeas de Protecci\u00f3n de Datos aplicables. Dichas medidas pueden incluir (sin limitaci\u00f3n) (i) transferir dichos datos a un destinatario que est\u00e9 cubierto por un marco adecuado u otro mecanismo de transferencia legalmente adecuado reconocido por las autoridades o tribunales pertinentes por proporcionar un nivel adecuado de protecci\u00f3n de los Datos Personales, incluido el Marco de Privacidad de Datos; (ii) a un destinatario que haya obtenido la autorizaci\u00f3n de normas corporativas vinculantes de conformidad con la legislaci\u00f3n europea sobre protecci\u00f3n de datos; o (iii) a un destinatario que haya ejecutado las Cl\u00e1usulas Contractuales Tipo en cada caso, adoptadas o aprobadas de conformidad con las Leyes Europeas de Protecci\u00f3n de Datos aplicables.<\/span><\/p><ol start=\"7\"><li><span style=\"font-weight: 400;\"> Derechos del interesado<\/span><\/li><\/ol><p><span style=\"font-weight: 400;\">7.1 Teniendo en cuenta la naturaleza del Tratamiento, el Encargado del Tratamiento asistir\u00e1 al Responsable del Tratamiento mediante la aplicaci\u00f3n de las medidas t\u00e9cnicas y organizativas adecuadas, en la medida en que ello sea posible, para el cumplimiento de las obligaciones del Responsable del Tratamiento, seg\u00fan entienda razonablemente el Responsable del Tratamiento, para responder a las solicitudes de ejercicio de los derechos de los Interesados en virtud de las Leyes de Protecci\u00f3n de Datos.<\/span><\/p>\t\t\t\t\t\t<\/div>\n\t\t\t\t<\/div>\n\t\t\t\t\t<\/div>\n\t\t<\/div>\n\t\t\t\t\t<\/div>\n\t\t<\/section>\n\t\t\t\t<\/div>\n\t\t","protected":false},"excerpt":{"rendered":"<p>Acuerdo de procesamiento de datos Metasecurity Solutions\u00ae, INC. Acuerdo de procesamiento de datos El presente Acuerdo de Tratamiento de Datos (&#8220;Acuerdo&#8221;) se celebra entre usted (&#8220;Responsable del Tratamiento&#8221;), y Metasecurity Solutions Inc., con domicilio social en el estado de Delaware (&#8220;Encargado del Tratamiento&#8221;). CONSIDERANDO que el Procesador de Datos acepta procesar Datos Personales en nombre [&hellip;]<\/p>\n","protected":false},"author":5,"featured_media":9327,"parent":0,"menu_order":0,"comment_status":"closed","ping_status":"closed","template":"","meta":{"content-type":"","_monsterinsights_skip_tracking":false,"_monsterinsights_sitenote_active":false,"_monsterinsights_sitenote_note":"","_monsterinsights_sitenote_category":0,"ocean_post_layout":"full-screen","ocean_both_sidebars_style":"","ocean_both_sidebars_content_width":0,"ocean_both_sidebars_sidebars_width":0,"ocean_sidebar":"0","ocean_second_sidebar":"0","ocean_disable_margins":"on","ocean_add_body_class":"","ocean_shortcode_before_top_bar":"","ocean_shortcode_after_top_bar":"","ocean_shortcode_before_header":"","ocean_shortcode_after_header":"","ocean_has_shortcode":"","ocean_shortcode_after_title":"","ocean_shortcode_before_footer_widgets":"","ocean_shortcode_after_footer_widgets":"","ocean_shortcode_before_footer_bottom":"","ocean_shortcode_after_footer_bottom":"","ocean_display_top_bar":"default","ocean_display_header":"default","ocean_header_style":"","ocean_center_header_left_menu":"0","ocean_custom_header_template":"0","ocean_custom_logo":0,"ocean_custom_retina_logo":0,"ocean_custom_logo_max_width":0,"ocean_custom_logo_tablet_max_width":0,"ocean_custom_logo_mobile_max_width":0,"ocean_custom_logo_max_height":0,"ocean_custom_logo_tablet_max_height":0,"ocean_custom_logo_mobile_max_height":0,"ocean_header_custom_menu":"0","ocean_menu_typo_font_family":"0","ocean_menu_typo_font_subset":"","ocean_menu_typo_font_size":0,"ocean_menu_typo_font_size_tablet":0,"ocean_menu_typo_font_size_mobile":0,"ocean_menu_typo_font_size_unit":"px","ocean_menu_typo_font_weight":"","ocean_menu_typo_font_weight_tablet":"","ocean_menu_typo_font_weight_mobile":"","ocean_menu_typo_transform":"","ocean_menu_typo_transform_tablet":"","ocean_menu_typo_transform_mobile":"","ocean_menu_typo_line_height":0,"ocean_menu_typo_line_height_tablet":0,"ocean_menu_typo_line_height_mobile":0,"ocean_menu_typo_line_height_unit":"","ocean_menu_typo_spacing":0,"ocean_menu_typo_spacing_tablet":0,"ocean_menu_typo_spacing_mobile":0,"ocean_menu_typo_spacing_unit":"","ocean_menu_link_color":"","ocean_menu_link_color_hover":"","ocean_menu_link_color_active":"","ocean_menu_link_background":"","ocean_menu_link_hover_background":"","ocean_menu_link_active_background":"","ocean_menu_social_links_bg":"","ocean_menu_social_hover_links_bg":"","ocean_menu_social_links_color":"","ocean_menu_social_hover_links_color":"","ocean_disable_title":"default","ocean_disable_heading":"default","ocean_post_title":"","ocean_post_subheading":"","ocean_post_title_style":"","ocean_post_title_background_color":"","ocean_post_title_background":0,"ocean_post_title_bg_image_position":"","ocean_post_title_bg_image_attachment":"","ocean_post_title_bg_image_repeat":"","ocean_post_title_bg_image_size":"","ocean_post_title_height":0,"ocean_post_title_bg_overlay":0.5,"ocean_post_title_bg_overlay_color":"","ocean_disable_breadcrumbs":"default","ocean_breadcrumbs_color":"","ocean_breadcrumbs_separator_color":"","ocean_breadcrumbs_links_color":"","ocean_breadcrumbs_links_hover_color":"","ocean_display_footer_widgets":"default","ocean_display_footer_bottom":"default","ocean_custom_footer_template":"0","footnotes":""},"class_list":["post-7990","page","type-page","status-publish","has-post-thumbnail","hentry","entry","has-media"],"aioseo_notices":[],"_links":{"self":[{"href":"https:\/\/metasecsol.com\/es\/wp-json\/wp\/v2\/pages\/7990"}],"collection":[{"href":"https:\/\/metasecsol.com\/es\/wp-json\/wp\/v2\/pages"}],"about":[{"href":"https:\/\/metasecsol.com\/es\/wp-json\/wp\/v2\/types\/page"}],"author":[{"embeddable":true,"href":"https:\/\/metasecsol.com\/es\/wp-json\/wp\/v2\/users\/5"}],"replies":[{"embeddable":true,"href":"https:\/\/metasecsol.com\/es\/wp-json\/wp\/v2\/comments?post=7990"}],"version-history":[{"count":17,"href":"https:\/\/metasecsol.com\/es\/wp-json\/wp\/v2\/pages\/7990\/revisions"}],"predecessor-version":[{"id":11136,"href":"https:\/\/metasecsol.com\/es\/wp-json\/wp\/v2\/pages\/7990\/revisions\/11136"}],"wp:featuredmedia":[{"embeddable":true,"href":"https:\/\/metasecsol.com\/es\/wp-json\/wp\/v2\/media\/9327"}],"wp:attachment":[{"href":"https:\/\/metasecsol.com\/es\/wp-json\/wp\/v2\/media?parent=7990"}],"curies":[{"name":"wp","href":"https:\/\/api.w.org\/{rel}","templated":true}]}}