{"id":8866,"date":"2022-04-25T01:40:02","date_gmt":"2022-04-25T01:40:02","guid":{"rendered":"https:\/\/metasecsol.com\/chi-siamo\/"},"modified":"2024-09-13T11:00:47","modified_gmt":"2024-09-13T11:00:47","slug":"chi-siamo","status":"publish","type":"page","link":"https:\/\/metasecsol.com\/it\/chi-siamo\/","title":{"rendered":"Chi siamo"},"content":{"rendered":"\t\t<div data-elementor-type=\"wp-page\" data-elementor-id=\"8866\" class=\"elementor elementor-8866 elementor-619\" data-elementor-post-type=\"page\">\n\t\t\t\t\t\t<section class=\"elementor-section elementor-top-section elementor-element elementor-element-1bd55da elementor-section-full_width elementor-section-height-default elementor-section-height-default\" data-id=\"1bd55da\" data-element_type=\"section\" data-settings=\"{&quot;background_background&quot;:&quot;gradient&quot;}\">\n\t\t\t\t\t\t<div class=\"elementor-container elementor-column-gap-default\">\n\t\t\t\t\t<div class=\"elementor-column elementor-col-100 elementor-top-column elementor-element elementor-element-41774d8\" data-id=\"41774d8\" data-element_type=\"column\" data-settings=\"{&quot;background_background&quot;:&quot;slideshow&quot;,&quot;background_slideshow_gallery&quot;:[{&quot;id&quot;:9276,&quot;url&quot;:&quot;https:\\\/\\\/metasecsol.com\\\/wp-content\\\/uploads\\\/2024\\\/06\\\/about-us.png&quot;}],&quot;background_slideshow_loop&quot;:&quot;yes&quot;,&quot;background_slideshow_slide_duration&quot;:5000,&quot;background_slideshow_slide_transition&quot;:&quot;fade&quot;,&quot;background_slideshow_transition_duration&quot;:500}\">\n\t\t\t<div class=\"elementor-widget-wrap elementor-element-populated\">\n\t\t\t\t\t\t<div class=\"elementor-element elementor-element-6fd7e06 elementor-widget elementor-widget-heading\" data-id=\"6fd7e06\" data-element_type=\"widget\" data-widget_type=\"heading.default\">\n\t\t\t\t<div class=\"elementor-widget-container\">\n\t\t\t<h1 class=\"elementor-heading-title elementor-size-default\"><br>Chi siamo<\/h1>\t\t<\/div>\n\t\t\t\t<\/div>\n\t\t\t\t\t<\/div>\n\t\t<\/div>\n\t\t\t\t\t<\/div>\n\t\t<\/section>\n\t\t\t\t<section class=\"elementor-section elementor-top-section elementor-element elementor-element-3248edb elementor-section-full_width elementor-section-content-middle elementor-section-height-default elementor-section-height-default\" data-id=\"3248edb\" data-element_type=\"section\" data-settings=\"{&quot;background_background&quot;:&quot;classic&quot;}\">\n\t\t\t\t\t\t<div class=\"elementor-container elementor-column-gap-default\">\n\t\t\t\t\t<div class=\"elementor-column elementor-col-100 elementor-top-column elementor-element elementor-element-df5a592\" data-id=\"df5a592\" data-element_type=\"column\">\n\t\t\t<div class=\"elementor-widget-wrap elementor-element-populated\">\n\t\t\t\t\t\t<div class=\"elementor-element elementor-element-767d316 elementor-widget elementor-widget-text-editor\" data-id=\"767d316\" data-element_type=\"widget\" data-widget_type=\"text-editor.default\">\n\t\t\t\t<div class=\"elementor-widget-container\">\n\t\t\t\t\t\t\t<p><span style=\"font-family: Inter, sans-serif; font-size: 16px; font-style: normal; font-variant-caps: normal; text-align: center;\">Metasecurity Solutions non \u00e8 solo un&#8217;azienda di cybersecurity che fornisce soluzioni di sicurezza per le aziende. Siamo un gruppo di professionisti visionari, dedicati e motivati che si occupano delle pi\u00f9 difficili sfide odierne nel campo dell&#8217;IT e della sicurezza.<\/span><\/p>\n<p style=\"text-align: center;\">\n<\/p>\t\t\t\t\t\t<\/div>\n\t\t\t\t<\/div>\n\t\t\t\t\t<\/div>\n\t\t<\/div>\n\t\t\t\t\t<\/div>\n\t\t<\/section>\n\t\t\t\t<section class=\"elementor-section elementor-top-section elementor-element elementor-element-6935176 elementor-section-boxed elementor-section-height-default elementor-section-height-default\" data-id=\"6935176\" data-element_type=\"section\" data-settings=\"{&quot;background_background&quot;:&quot;classic&quot;}\">\n\t\t\t\t\t\t<div class=\"elementor-container elementor-column-gap-default\">\n\t\t\t\t\t<div class=\"elementor-column elementor-col-100 elementor-top-column elementor-element elementor-element-0530127\" data-id=\"0530127\" data-element_type=\"column\">\n\t\t\t<div class=\"elementor-widget-wrap elementor-element-populated\">\n\t\t\t\t\t\t<section class=\"elementor-section elementor-inner-section elementor-element elementor-element-6dbbd20 elementor-section-boxed elementor-section-height-default elementor-section-height-default\" data-id=\"6dbbd20\" data-element_type=\"section\">\n\t\t\t\t\t\t<div class=\"elementor-container elementor-column-gap-default\">\n\t\t\t\t\t<div class=\"elementor-column elementor-col-50 elementor-inner-column elementor-element elementor-element-2971ec8\" data-id=\"2971ec8\" data-element_type=\"column\">\n\t\t\t<div class=\"elementor-widget-wrap elementor-element-populated\">\n\t\t\t\t\t\t<div class=\"elementor-element elementor-element-e959da3 elementor-widget__width-initial elementor-widget elementor-widget-heading\" data-id=\"e959da3\" data-element_type=\"widget\" data-widget_type=\"heading.default\">\n\t\t\t\t<div class=\"elementor-widget-container\">\n\t\t\t<h4 class=\"elementor-heading-title elementor-size-default\">Missione<\/h4>\t\t<\/div>\n\t\t\t\t<\/div>\n\t\t\t\t<div class=\"elementor-element elementor-element-48f4ccf elementor-widget__width-initial elementor-widget-mobile__width-inherit elementor-widget elementor-widget-text-editor\" data-id=\"48f4ccf\" data-element_type=\"widget\" data-widget_type=\"text-editor.default\">\n\t\t\t\t<div class=\"elementor-widget-container\">\n\t\t\t\t\t\t\tLa missione di Metasecurity Solutions \u00e8 quella di permettere alle aziende di liberare il loro pieno potenziale fornendo soluzioni di cybersecurity all&#8217;avanguardia. Ci impegniamo a salvaguardare le risorse e le infrastrutture digitali dei nostri clienti, consentendo loro di prosperare in un mondo sempre pi\u00f9 connesso. Integrando i principi ESG nel nostro approccio, puntiamo a promuovere un panorama digitale sostenibile, responsabile e sicuro per le aziende di tutte le dimensioni. Insieme, ci impegniamo a creare un futuro in cui tecnologia innovativa e sostenibilit\u00e0 coesistano, favorendo la crescita economica e l&#8217;impatto positivo sulla societ\u00e0.  \t\t\t\t\t\t<\/div>\n\t\t\t\t<\/div>\n\t\t\t\t\t<\/div>\n\t\t<\/div>\n\t\t\t\t<div class=\"elementor-column elementor-col-50 elementor-inner-column elementor-element elementor-element-b8a5eeb\" data-id=\"b8a5eeb\" data-element_type=\"column\">\n\t\t\t<div class=\"elementor-widget-wrap elementor-element-populated\">\n\t\t\t\t\t\t<div class=\"elementor-element elementor-element-3a8cb05 elementor-widget__width-initial elementor-widget elementor-widget-image\" data-id=\"3a8cb05\" data-element_type=\"widget\" data-widget_type=\"image.default\">\n\t\t\t\t<div class=\"elementor-widget-container\">\n\t\t\t\t\t\t\t\t\t\t\t\t\t<img fetchpriority=\"high\" decoding=\"async\" width=\"1536\" height=\"1024\" src=\"https:\/\/metasecsol.com\/wp-content\/uploads\/2023\/08\/IMG_3128-1536x1024.jpg\" class=\"attachment-1536x1536 size-1536x1536 wp-image-4061\" alt=\"Team members with VR headsets in a garden, engaging with virtual content in a lush setting.\" srcset=\"https:\/\/metasecsol.com\/wp-content\/uploads\/2023\/08\/IMG_3128-1536x1024.jpg 1536w, https:\/\/metasecsol.com\/wp-content\/uploads\/2023\/08\/IMG_3128-300x200.jpg 300w, https:\/\/metasecsol.com\/wp-content\/uploads\/2023\/08\/IMG_3128-1024x683.jpg 1024w, https:\/\/metasecsol.com\/wp-content\/uploads\/2023\/08\/IMG_3128-768x512.jpg 768w, https:\/\/metasecsol.com\/wp-content\/uploads\/2023\/08\/IMG_3128.jpg 2048w\" sizes=\"(max-width: 1536px) 100vw, 1536px\" \/>\t\t\t\t\t\t\t\t\t\t\t\t\t<\/div>\n\t\t\t\t<\/div>\n\t\t\t\t\t<\/div>\n\t\t<\/div>\n\t\t\t\t\t<\/div>\n\t\t<\/section>\n\t\t\t\t\t<\/div>\n\t\t<\/div>\n\t\t\t\t\t<\/div>\n\t\t<\/section>\n\t\t\t\t<section class=\"elementor-section elementor-top-section elementor-element elementor-element-19a3418 elementor-section-boxed elementor-section-height-default elementor-section-height-default\" data-id=\"19a3418\" data-element_type=\"section\" data-settings=\"{&quot;background_background&quot;:&quot;classic&quot;}\">\n\t\t\t\t\t\t<div class=\"elementor-container elementor-column-gap-default\">\n\t\t\t\t\t<div class=\"elementor-column elementor-col-100 elementor-top-column elementor-element elementor-element-18bc3fc\" data-id=\"18bc3fc\" data-element_type=\"column\">\n\t\t\t<div class=\"elementor-widget-wrap elementor-element-populated\">\n\t\t\t\t\t\t<section class=\"elementor-section elementor-inner-section elementor-element elementor-element-3d52d47 elementor-reverse-mobile elementor-section-boxed elementor-section-height-default elementor-section-height-default\" data-id=\"3d52d47\" data-element_type=\"section\">\n\t\t\t\t\t\t<div class=\"elementor-container elementor-column-gap-default\">\n\t\t\t\t\t<div class=\"elementor-column elementor-col-50 elementor-inner-column elementor-element elementor-element-68b00c1\" data-id=\"68b00c1\" data-element_type=\"column\">\n\t\t\t<div class=\"elementor-widget-wrap elementor-element-populated\">\n\t\t\t\t\t\t<div class=\"elementor-element elementor-element-82e5079 elementor-widget__width-initial elementor-widget elementor-widget-image\" data-id=\"82e5079\" data-element_type=\"widget\" data-widget_type=\"image.default\">\n\t\t\t\t<div class=\"elementor-widget-container\">\n\t\t\t\t\t\t\t\t\t\t\t\t\t<img decoding=\"async\" width=\"600\" height=\"489\" src=\"https:\/\/metasecsol.com\/wp-content\/uploads\/2023\/07\/about-vision-metasecurity.jpg\" class=\"attachment-large size-large wp-image-1447\" alt=\"\" srcset=\"https:\/\/metasecsol.com\/wp-content\/uploads\/2023\/07\/about-vision-metasecurity.jpg 600w, https:\/\/metasecsol.com\/wp-content\/uploads\/2023\/07\/about-vision-metasecurity-300x245.jpg 300w\" sizes=\"(max-width: 600px) 100vw, 600px\" \/>\t\t\t\t\t\t\t\t\t\t\t\t\t<\/div>\n\t\t\t\t<\/div>\n\t\t\t\t\t<\/div>\n\t\t<\/div>\n\t\t\t\t<div class=\"elementor-column elementor-col-50 elementor-inner-column elementor-element elementor-element-e3de698\" data-id=\"e3de698\" data-element_type=\"column\">\n\t\t\t<div class=\"elementor-widget-wrap elementor-element-populated\">\n\t\t\t\t\t\t<div class=\"elementor-element elementor-element-4265c1a elementor-widget__width-initial elementor-widget elementor-widget-heading\" data-id=\"4265c1a\" data-element_type=\"widget\" data-widget_type=\"heading.default\">\n\t\t\t\t<div class=\"elementor-widget-container\">\n\t\t\t<h4 class=\"elementor-heading-title elementor-size-default\">Visione  <\/h4>\t\t<\/div>\n\t\t\t\t<\/div>\n\t\t\t\t<div class=\"elementor-element elementor-element-264f182 elementor-widget elementor-widget-text-editor\" data-id=\"264f182\" data-element_type=\"widget\" data-widget_type=\"text-editor.default\">\n\t\t\t\t<div class=\"elementor-widget-container\">\n\t\t\t\t\t\t\tLa visione di Metasecurity Solutions \u00e8 quella di diventare l&#8217;azienda di cybersecurity tecnologicamente pi\u00f9 avanzata e innovativa del settore, rivoluzionando la protezione digitale e consentendo alle aziende di raggiungere il loro massimo potenziale. Grazie a un approccio incentrato sul cliente, daremo forma al futuro della cybersicurezza creando un panorama digitale pi\u00f9 sicuro, pi\u00f9 equo e pi\u00f9 attento all&#8217;ambiente in cui le aziende possano prosperare.  \t\t\t\t\t\t<\/div>\n\t\t\t\t<\/div>\n\t\t\t\t\t<\/div>\n\t\t<\/div>\n\t\t\t\t\t<\/div>\n\t\t<\/section>\n\t\t\t\t\t<\/div>\n\t\t<\/div>\n\t\t\t\t\t<\/div>\n\t\t<\/section>\n\t\t\t\t<section class=\"elementor-section elementor-top-section elementor-element elementor-element-cb6f55c elementor-section-boxed elementor-section-height-default elementor-section-height-default\" data-id=\"cb6f55c\" data-element_type=\"section\" data-settings=\"{&quot;background_background&quot;:&quot;gradient&quot;}\">\n\t\t\t\t\t\t<div class=\"elementor-container elementor-column-gap-default\">\n\t\t\t\t\t<div class=\"elementor-column elementor-col-100 elementor-top-column elementor-element elementor-element-8ea8291\" data-id=\"8ea8291\" data-element_type=\"column\">\n\t\t\t<div class=\"elementor-widget-wrap elementor-element-populated\">\n\t\t\t\t\t\t<div class=\"elementor-element elementor-element-8ebf559 elementor-widget elementor-widget-heading\" data-id=\"8ebf559\" data-element_type=\"widget\" data-widget_type=\"heading.default\">\n\t\t\t\t<div class=\"elementor-widget-container\">\n\t\t\t<h2 class=\"elementor-heading-title elementor-size-default\">Contattaci per soddisfare le tue esigenze di cybersecurity<\/h2>\t\t<\/div>\n\t\t\t\t<\/div>\n\t\t\t\t<div class=\"elementor-element elementor-element-6a5376d elementor-align-center elementor-widget elementor-widget-button\" data-id=\"6a5376d\" data-element_type=\"widget\" data-widget_type=\"button.default\">\n\t\t\t\t<div class=\"elementor-widget-container\">\n\t\t\t\t\t<div class=\"elementor-button-wrapper\">\n\t\t\t<a class=\"elementor-button elementor-button-link elementor-size-sm\" href=\"http:\/\/metasecsol.com\/contact\/\">\n\t\t\t\t\t\t<span class=\"elementor-button-content-wrapper\">\n\t\t\t\t\t\t\t\t\t<span class=\"elementor-button-text\">Richiedi un preventivo<\/span>\n\t\t\t\t\t<\/span>\n\t\t\t\t\t<\/a>\n\t\t<\/div>\n\t\t\t\t<\/div>\n\t\t\t\t<\/div>\n\t\t\t\t\t<\/div>\n\t\t<\/div>\n\t\t\t\t\t<\/div>\n\t\t<\/section>\n\t\t\t\t<\/div>\n\t\t","protected":false},"excerpt":{"rendered":"<p>Chi siamo Metasecurity Solutions non \u00e8 solo un&#8217;azienda di cybersecurity che fornisce soluzioni di sicurezza per le aziende. Siamo un gruppo di professionisti visionari, dedicati e motivati che si occupano delle pi\u00f9 difficili sfide odierne nel campo dell&#8217;IT e della sicurezza. Missione La missione di Metasecurity Solutions \u00e8 quella di permettere alle aziende di liberare [&hellip;]<\/p>\n","protected":false},"author":5,"featured_media":9842,"parent":0,"menu_order":0,"comment_status":"closed","ping_status":"closed","template":"","meta":{"content-type":"","_monsterinsights_skip_tracking":false,"_monsterinsights_sitenote_active":false,"_monsterinsights_sitenote_note":"","_monsterinsights_sitenote_category":0,"ocean_post_layout":"full-screen","ocean_both_sidebars_style":"","ocean_both_sidebars_content_width":0,"ocean_both_sidebars_sidebars_width":0,"ocean_sidebar":"0","ocean_second_sidebar":"0","ocean_disable_margins":"on","ocean_add_body_class":"","ocean_shortcode_before_top_bar":"","ocean_shortcode_after_top_bar":"","ocean_shortcode_before_header":"","ocean_shortcode_after_header":"","ocean_has_shortcode":"","ocean_shortcode_after_title":"","ocean_shortcode_before_footer_widgets":"","ocean_shortcode_after_footer_widgets":"","ocean_shortcode_before_footer_bottom":"","ocean_shortcode_after_footer_bottom":"","ocean_display_top_bar":"default","ocean_display_header":"default","ocean_header_style":"","ocean_center_header_left_menu":"0","ocean_custom_header_template":"0","ocean_custom_logo":0,"ocean_custom_retina_logo":0,"ocean_custom_logo_max_width":0,"ocean_custom_logo_tablet_max_width":0,"ocean_custom_logo_mobile_max_width":0,"ocean_custom_logo_max_height":0,"ocean_custom_logo_tablet_max_height":0,"ocean_custom_logo_mobile_max_height":0,"ocean_header_custom_menu":"0","ocean_menu_typo_font_family":"0","ocean_menu_typo_font_subset":"","ocean_menu_typo_font_size":0,"ocean_menu_typo_font_size_tablet":0,"ocean_menu_typo_font_size_mobile":0,"ocean_menu_typo_font_size_unit":"px","ocean_menu_typo_font_weight":"","ocean_menu_typo_font_weight_tablet":"","ocean_menu_typo_font_weight_mobile":"","ocean_menu_typo_transform":"","ocean_menu_typo_transform_tablet":"","ocean_menu_typo_transform_mobile":"","ocean_menu_typo_line_height":0,"ocean_menu_typo_line_height_tablet":0,"ocean_menu_typo_line_height_mobile":0,"ocean_menu_typo_line_height_unit":"","ocean_menu_typo_spacing":0,"ocean_menu_typo_spacing_tablet":0,"ocean_menu_typo_spacing_mobile":0,"ocean_menu_typo_spacing_unit":"","ocean_menu_link_color":"#ffffff","ocean_menu_link_color_hover":"#6e8fef","ocean_menu_link_color_active":"#ffffff","ocean_menu_link_background":"","ocean_menu_link_hover_background":"","ocean_menu_link_active_background":"","ocean_menu_social_links_bg":"","ocean_menu_social_hover_links_bg":"","ocean_menu_social_links_color":"#ffffff","ocean_menu_social_hover_links_color":"#6e8fef","ocean_disable_title":"on","ocean_disable_heading":"default","ocean_post_title":"","ocean_post_subheading":"","ocean_post_title_style":"","ocean_post_title_background_color":"","ocean_post_title_background":0,"ocean_post_title_bg_image_position":"","ocean_post_title_bg_image_attachment":"","ocean_post_title_bg_image_repeat":"","ocean_post_title_bg_image_size":"","ocean_post_title_height":0,"ocean_post_title_bg_overlay":0.5,"ocean_post_title_bg_overlay_color":"","ocean_disable_breadcrumbs":"off","ocean_breadcrumbs_color":"","ocean_breadcrumbs_separator_color":"","ocean_breadcrumbs_links_color":"","ocean_breadcrumbs_links_hover_color":"","ocean_display_footer_widgets":"default","ocean_display_footer_bottom":"default","ocean_custom_footer_template":"0","footnotes":""},"class_list":["post-8866","page","type-page","status-publish","has-post-thumbnail","hentry","entry","has-media"],"aioseo_notices":[],"_links":{"self":[{"href":"https:\/\/metasecsol.com\/it\/wp-json\/wp\/v2\/pages\/8866"}],"collection":[{"href":"https:\/\/metasecsol.com\/it\/wp-json\/wp\/v2\/pages"}],"about":[{"href":"https:\/\/metasecsol.com\/it\/wp-json\/wp\/v2\/types\/page"}],"author":[{"embeddable":true,"href":"https:\/\/metasecsol.com\/it\/wp-json\/wp\/v2\/users\/5"}],"replies":[{"embeddable":true,"href":"https:\/\/metasecsol.com\/it\/wp-json\/wp\/v2\/comments?post=8866"}],"version-history":[{"count":10,"href":"https:\/\/metasecsol.com\/it\/wp-json\/wp\/v2\/pages\/8866\/revisions"}],"predecessor-version":[{"id":11506,"href":"https:\/\/metasecsol.com\/it\/wp-json\/wp\/v2\/pages\/8866\/revisions\/11506"}],"wp:featuredmedia":[{"embeddable":true,"href":"https:\/\/metasecsol.com\/it\/wp-json\/wp\/v2\/media\/9842"}],"wp:attachment":[{"href":"https:\/\/metasecsol.com\/it\/wp-json\/wp\/v2\/media?parent=8866"}],"curies":[{"name":"wp","href":"https:\/\/api.w.org\/{rel}","templated":true}]}}